{"id":3664,"date":"2026-01-16T14:55:43","date_gmt":"2026-01-16T14:55:43","guid":{"rendered":"https:\/\/icacit.org.pe\/symposium\/?page_id=3664"},"modified":"2026-03-09T19:34:06","modified_gmt":"2026-03-09T19:34:06","slug":"reviews","status":"publish","type":"page","link":"https:\/\/icacit.org.pe\/symposium\/reviews\/","title":{"rendered":"Reviews"},"content":{"rendered":"\t\t<div data-elementor-type=\"wp-page\" data-elementor-id=\"3664\" class=\"elementor elementor-3664\">\n\t\t\t\t<div class=\"elementor-element elementor-element-9d7c0bb e-flex e-con-boxed e-con e-parent\" data-id=\"9d7c0bb\" data-element_type=\"container\" data-e-type=\"container\">\n\t\t\t\t\t<div class=\"e-con-inner\">\n\t\t<div class=\"elementor-element elementor-element-087dacd e-con-full e-flex e-con e-child\" data-id=\"087dacd\" data-element_type=\"container\" data-e-type=\"container\">\n\t\t\t\t<div class=\"elementor-element elementor-element-836067b elementor-hidden-desktop elementor-hidden-laptop elementor-hidden-tablet elementor-hidden-mobile elementor-widget elementor-widget-current_page_title\" data-id=\"836067b\" data-element_type=\"widget\" data-e-type=\"widget\" data-widget_type=\"current_page_title.default\">\n\t\t\t\t<div class=\"elementor-widget-container\">\n\t\t\t\t\t<h1 class=\"current-page-title m-0 \" style=\"text-align: center;\">Reviews<\/h1>\t\t\t\t<\/div>\n\t\t\t\t<\/div>\n\t\t<div class=\"elementor-element elementor-element-e35162f e-con-full e-flex e-con e-child\" data-id=\"e35162f\" data-element_type=\"container\" data-e-type=\"container\">\n\t\t\t\t<div class=\"elementor-element elementor-element-a04cfb9 elementor-widget elementor-widget-heading\" data-id=\"a04cfb9\" data-element_type=\"widget\" data-e-type=\"widget\" data-widget_type=\"heading.default\">\n\t\t\t\t\t<h2 class=\"elementor-heading-title elementor-size-default\">Review Criteria - CFP<\/h2>\t\t\t\t<\/div>\n\t\t\t\t<\/div>\n\t\t<div class=\"elementor-element elementor-element-4f860d8 e-con-full e-flex e-con e-child\" data-id=\"4f860d8\" data-element_type=\"container\" data-e-type=\"container\">\n\t\t\t\t<div class=\"elementor-element elementor-element-2764f04 elementor-widget elementor-widget-heading\" data-id=\"2764f04\" data-element_type=\"widget\" data-e-type=\"widget\" data-widget_type=\"heading.default\">\n\t\t\t\t\t<p class=\"elementor-heading-title elementor-size-default\"><strong>Our distinguished team of international reviewers<\/strong>.<\/p>\t\t\t\t<\/div>\n\t\t\t\t<div class=\"elementor-element elementor-element-7a0535a elementor-widget elementor-widget-html\" data-id=\"7a0535a\" data-element_type=\"widget\" data-e-type=\"widget\" data-widget_type=\"html.default\">\n\t\t\t\t\t<table class=\"dcf-table dcf-table-responsive dcf-table-bordered dcf-table-striped dcf-w-100%\" style=\"margin:0 \">\r\n    <thead>\r\n        <tr>\r\n            <th scope=\"col\" style=\"color: #ffff; background-color: #20314B;\">ID<\/th>\r\n            <th scope=\"col\" style=\"color: #ffff; background-color: #20314B;\">Name and surname<\/th>\r\n            <th scope=\"col\" style=\"color: #ffff; background-color: #20314B;\">Institution<\/th>\r\n            <th scope=\"col\" style=\"color: #ffff; background-color: #20314B;\">Position<\/th>\r\n            <th scope=\"col\" style=\"color: #ffff; background-color: #20314B;\">Country<\/th>\r\n        <\/tr>\r\n    <\/thead>\r\n    <tbody>\r\n        <tr>\r\n            <td data-label=\"Activity\" style=\"background-color: white; color:#20314B;\">1<\/td>\r\n            <td data-label=\"Activity\" style=\"background-color: white; color:#20314B;\">Stuardo Lucho Romero<\/td>\r\n            <td data-label=\"Activity\" style=\"background-color: white; color:#20314B;\"><\/td>\r\n            <td data-label=\"Activity\" style=\"background-color: white; color:#20314B;\"><\/td>\r\n            <td data-label=\"Activity\" style=\"background-color: white; color:#20314B;\">Per\u00fa<\/td>\r\n        <\/tr>\r\n\r\n        <tr>\r\n            <td data-label=\"Activity\" style=\"background-color: white; color:#20314B;\">2<\/td>\r\n            <td data-label=\"Activity\" style=\"background-color: white; color:#20314B;\">Jonathan Alvarez Ariza<\/td>\r\n            <td data-label=\"Activity\" style=\"background-color: white; color:#20314B;\"><\/td>\r\n            <td data-label=\"Activity\" style=\"background-color: white; color:#20314B;\"><\/td>\r\n            <td data-label=\"Activity\" style=\"background-color: white; color:#20314B;\">Colombia<\/td>\r\n        <\/tr>\r\n\r\n        <tr>\r\n            <td data-label=\"Activity\" style=\"background-color: white; color:#20314B;\">3<\/td>\r\n            <td data-label=\"Activity\" style=\"background-color: white; color:#20314B;\">Isabel Gonz\u00e1lez Farias<\/td>\r\n            <td data-label=\"Activity\" style=\"background-color: white; color:#20314B;\"><\/td>\r\n            <td data-label=\"Activity\" style=\"background-color: white; color:#20314B;\"><\/td>\r\n            <td data-label=\"Activity\" style=\"background-color: white; color:#20314B;\">Per\u00fa<\/td>\r\n        <\/tr>    \r\n  \r\n        <tr>\r\n            <td data-label=\"Activity\" style=\"background-color: white; color:#20314B;\">4<\/td>\r\n            <td data-label=\"Activity\" style=\"background-color: white; color:#20314B;\">Abdelmalek Halawani<\/td>\r\n            <td data-label=\"Activity\" style=\"background-color: white; color:#20314B;\"><\/td>\r\n            <td data-label=\"Activity\" style=\"background-color: white; color:#20314B;\"><\/td>\r\n            <td data-label=\"Activity\" style=\"background-color: white; color:#20314B;\">Australia<\/td>\r\n        <\/tr>      \r\n\r\n        <tr>\r\n            <td data-label=\"Activity\" style=\"background-color: white; color:#20314B;\">5<\/td>\r\n            <td data-label=\"Activity\" style=\"background-color: white; color:#20314B;\">Jimmy Jefferson  Tullume Salazar<\/td>\r\n            <td data-label=\"Activity\" style=\"background-color: white; color:#20314B;\"><\/td>\r\n            <td data-label=\"Activity\" style=\"background-color: white; color:#20314B;\"><\/td>\r\n            <td data-label=\"Activity\" style=\"background-color: white; color:#20314B;\">Per\u00fa<\/td>\r\n        <\/tr>     \r\n\r\n        <tr>\r\n            <td data-label=\"Activity\" style=\"background-color: white; color:#20314B;\">6<\/td>\r\n            <td data-label=\"Activity\" style=\"background-color: white; color:#20314B;\">C\u00e9sar Anthony G\u00e1lvez Ulloa<\/td>\r\n            <td data-label=\"Activity\" style=\"background-color: white; color:#20314B;\"><\/td>\r\n            <td data-label=\"Activity\" style=\"background-color: white; color:#20314B;\"><\/td>\r\n            <td data-label=\"Activity\" style=\"background-color: white; color:#20314B;\">Per\u00fa<\/td>\r\n        <\/tr>    \r\n\r\n        <tr>\r\n            <td data-label=\"Activity\" style=\"background-color: white; color:#20314B;\">7<\/td>\r\n            <td data-label=\"Activity\" style=\"background-color: white; color:#20314B;\">V\u00edctor Manuel Cornejo Aparicio<\/td>\r\n            <td data-label=\"Activity\" style=\"background-color: white; color:#20314B;\"><\/td>\r\n            <td data-label=\"Activity\" style=\"background-color: white; color:#20314B;\"><\/td>\r\n            <td data-label=\"Activity\" style=\"background-color: white; color:#20314B;\">Per\u00fa<\/td>\r\n        <\/tr>   \r\n\r\n        <tr>\r\n            <td data-label=\"Activity\" style=\"background-color: white; color:#20314B;\">8<\/td>\r\n            <td data-label=\"Activity\" style=\"background-color: white; color:#20314B;\">William Mauricio Rojas Contreras<\/td>\r\n            <td data-label=\"Activity\" style=\"background-color: white; color:#20314B;\"><\/td>\r\n            <td data-label=\"Activity\" style=\"background-color: white; color:#20314B;\"><\/td>\r\n            <td data-label=\"Activity\" style=\"background-color: white; color:#20314B;\">Colombia<\/td>\r\n        <\/tr> \r\n \r\n\r\n        <tr>\r\n            <td data-label=\"Activity\" style=\"background-color: white; color:#20314B;\">9<\/td>\r\n            <td data-label=\"Activity\" style=\"background-color: white; color:#20314B;\">Roger Hadgraft<\/td>\r\n            <td data-label=\"Activity\" style=\"background-color: white; color:#20314B;\"><\/td>\r\n            <td data-label=\"Activity\" style=\"background-color: white; color:#20314B;\"><\/td>\r\n            <td data-label=\"Activity\" style=\"background-color: white; color:#20314B;\">Australia<\/td>\r\n        <\/tr> \r\n\r\n        <tr>\r\n            <td data-label=\"Activity\" style=\"background-color: white; color:#20314B;\">10<\/td>\r\n            <td data-label=\"Activity\" style=\"background-color: white; color:#20314B;\">Ana Liz Souto Oliveira<\/td>\r\n            <td data-label=\"Activity\" style=\"background-color: white; color:#20314B;\"><\/td>\r\n            <td data-label=\"Activity\" style=\"background-color: white; color:#20314B;\"><\/td>\r\n            <td data-label=\"Activity\" style=\"background-color: white; color:#20314B;\">Brazil<\/td>\r\n        <\/tr> \r\n\r\n        <tr>\r\n            <td data-label=\"Activity\" style=\"background-color: white; color:#20314B;\">11<\/td>\r\n            <td data-label=\"Activity\" style=\"background-color: white; color:#20314B;\">Jose Antonio Pow-Sang Portillo<\/td>\r\n            <td data-label=\"Activity\" style=\"background-color: white; color:#20314B;\"><\/td>\r\n            <td data-label=\"Activity\" style=\"background-color: white; color:#20314B;\"><\/td>\r\n            <td data-label=\"Activity\" style=\"background-color: white; color:#20314B;\">Peru<\/td>\r\n        <\/tr> \r\n                 \r\n  \r\n        <tr>\r\n            <td data-label=\"Activity\" style=\"background-color: white; color:#20314B;\">12<\/td>\r\n            <td data-label=\"Activity\" style=\"background-color: white; color:#20314B;\">Sandro Paz<\/td>\r\n            <td data-label=\"Activity\" style=\"background-color: white; color:#20314B;\"><\/td>\r\n            <td data-label=\"Activity\" style=\"background-color: white; color:#20314B;\"><\/td>\r\n            <td data-label=\"Activity\" style=\"background-color: white; color:#20314B;\">Peru<\/td>\r\n        <\/tr> \r\n\r\n        <tr>\r\n            <td data-label=\"Activity\" style=\"background-color: white; color:#20314B;\">13<\/td>\r\n            <td data-label=\"Activity\" style=\"background-color: white; color:#20314B;\">Eduardo Torres<\/td>\r\n            <td data-label=\"Activity\" style=\"background-color: white; color:#20314B;\"><\/td>\r\n            <td data-label=\"Activity\" style=\"background-color: white; color:#20314B;\"><\/td>\r\n            <td data-label=\"Activity\" style=\"background-color: white; color:#20314B;\">Mexico<\/td>\r\n        <\/tr> \r\n\r\n        <tr>\r\n            <td data-label=\"Activity\" style=\"background-color: white; color:#20314B;\">14<\/td>\r\n            <td data-label=\"Activity\" style=\"background-color: white; color:#20314B;\">Jossemar Mendo-Jara<\/td>\r\n            <td data-label=\"Activity\" style=\"background-color: white; color:#20314B;\"><\/td>\r\n            <td data-label=\"Activity\" style=\"background-color: white; color:#20314B;\"><\/td>\r\n            <td data-label=\"Activity\" style=\"background-color: white; color:#20314B;\">Per\u00fa<\/td>\r\n        <\/tr>\r\n\r\n        <tr>\r\n            <td data-label=\"Activity\" style=\"background-color: white; color:#20314B;\">15<\/td>\r\n            <td data-label=\"Activity\" style=\"background-color: white; color:#20314B;\">Neicer Campos Vasquez<\/td>\r\n            <td data-label=\"Activity\" style=\"background-color: white; color:#20314B;\"><\/td>\r\n            <td data-label=\"Activity\" style=\"background-color: white; color:#20314B;\"><\/td>\r\n            <td data-label=\"Activity\" style=\"background-color: white; color:#20314B;\">Per\u00fa<\/td>\r\n        <\/tr>\r\n\r\n        <tr>\r\n            <td data-label=\"Activity\" style=\"background-color: white; color:#20314B;\">16<\/td>\r\n            <td data-label=\"Activity\" style=\"background-color: white; color:#20314B;\">Juan Pablo Cardona Guio<\/td>\r\n            <td data-label=\"Activity\" style=\"background-color: white; color:#20314B;\"><\/td>\r\n            <td data-label=\"Activity\" style=\"background-color: white; color:#20314B;\"><\/td>\r\n            <td data-label=\"Activity\" style=\"background-color: white; color:#20314B;\">Colombia<\/td>\r\n        <\/tr>\r\n\r\n        <tr>\r\n            <td data-label=\"Activity\" style=\"background-color: white; color:#20314B;\">17<\/td>\r\n            <td data-label=\"Activity\" style=\"background-color: white; color:#20314B;\">Oscar Javier Suarez Sierra <\/td>\r\n            <td data-label=\"Activity\" style=\"background-color: white; color:#20314B;\"><\/td>\r\n            <td data-label=\"Activity\" style=\"background-color: white; color:#20314B;\"><\/td>\r\n            <td data-label=\"Activity\" style=\"background-color: white; color:#20314B;\">Mexico<\/td>\r\n        <\/tr>\r\n\r\n        <tr>\r\n            <td data-label=\"Activity\" style=\"background-color: white; color:#20314B;\">18<\/td>\r\n            <td data-label=\"Activity\" style=\"background-color: white; color:#20314B;\">Leticia Marisol Laura Ochoa<\/td>\r\n            <td data-label=\"Activity\" style=\"background-color: white; color:#20314B;\"><\/td>\r\n            <td data-label=\"Activity\" style=\"background-color: white; color:#20314B;\"><\/td>\r\n            <td data-label=\"Activity\" style=\"background-color: white; color:#20314B;\">Per\u00fa<\/td>\r\n        <\/tr>\r\n\r\n        <tr>\r\n            <td data-label=\"Activity\" style=\"background-color: white; color:#20314B;\">19<\/td>\r\n            <td data-label=\"Activity\" style=\"background-color: white; color:#20314B;\">Carlos Eugenio Mart\u00ednez-Cruz <\/td>\r\n            <td data-label=\"Activity\" style=\"background-color: white; color:#20314B;\"><\/td>\r\n            <td data-label=\"Activity\" style=\"background-color: white; color:#20314B;\"><\/td>\r\n            <td data-label=\"Activity\" style=\"background-color: white; color:#20314B;\">El Salvador<\/td>\r\n        <\/tr>\r\n\r\n        <tr>\r\n            <td data-label=\"Activity\" style=\"background-color: white; color:#20314B;\">20<\/td>\r\n            <td data-label=\"Activity\" style=\"background-color: white; color:#20314B;\">Isabel Mendes<\/td>\r\n            <td data-label=\"Activity\" style=\"background-color: white; color:#20314B;\"><\/td>\r\n            <td data-label=\"Activity\" style=\"background-color: white; color:#20314B;\"><\/td>\r\n            <td data-label=\"Activity\" style=\"background-color: white; color:#20314B;\">Portugal<\/td>\r\n        <\/tr> \r\n\r\n        <tr>\r\n            <td data-label=\"Activity\" style=\"background-color: white; color:#20314B;\">21<\/td>\r\n            <td data-label=\"Activity\" style=\"background-color: white; color:#20314B;\">Daniel S\u00e1nchez<\/td>\r\n            <td data-label=\"Activity\" style=\"background-color: white; color:#20314B;\"><\/td>\r\n            <td data-label=\"Activity\" style=\"background-color: white; color:#20314B;\"><\/td>\r\n            <td data-label=\"Activity\" style=\"background-color: white; color:#20314B;\">Noruega<\/td>\r\n        <\/tr> \r\n   \r\n        <tr>\r\n            <td data-label=\"Activity\" style=\"background-color: white; color:#20314B;\">22<\/td>\r\n            <td data-label=\"Activity\" style=\"background-color: white; color:#20314B;\">Alejandro Microyannidis<\/td>\r\n            <td data-label=\"Activity\" style=\"background-color: white; color:#20314B;\"><\/td>\r\n            <td data-label=\"Activity\" style=\"background-color: white; color:#20314B;\"><\/td>\r\n            <td data-label=\"Activity\" style=\"background-color: white; color:#20314B;\">Venezuela<\/td>\r\n        <\/tr>  \r\n\r\n        <tr>\r\n            <td data-label=\"Activity\" style=\"background-color: white; color:#20314B;\">23<\/td>\r\n            <td data-label=\"Activity\" style=\"background-color: white; color:#20314B;\">Carlos Rodriguez Herrera<\/td>\r\n            <td data-label=\"Activity\" style=\"background-color: white; color:#20314B;\"><\/td>\r\n            <td data-label=\"Activity\" style=\"background-color: white; color:#20314B;\"><\/td>\r\n            <td data-label=\"Activity\" style=\"background-color: white; color:#20314B;\">Colombia<\/td>\r\n        <\/tr>  \r\n\r\n        <tr>\r\n            <td data-label=\"Activity\" style=\"background-color: white; color:#20314B;\">24<\/td>\r\n            <td data-label=\"Activity\" style=\"background-color: white; color:#20314B;\">Luis Alberto Vives Garnique <\/td>\r\n            <td data-label=\"Activity\" style=\"background-color: white; color:#20314B;\"><\/td>\r\n            <td data-label=\"Activity\" style=\"background-color: white; color:#20314B;\"><\/td>\r\n            <td data-label=\"Activity\" style=\"background-color: white; color:#20314B;\">Per\u00fa<\/td>\r\n        <\/tr>   \r\n\r\n        <tr>\r\n            <td data-label=\"Activity\" style=\"background-color: white; color:#20314B;\">25<\/td>\r\n            <td data-label=\"Activity\" style=\"background-color: white; color:#20314B;\">Jorge Luis Jaime C\u00e1rdenas <\/td>\r\n            <td data-label=\"Activity\" style=\"background-color: white; color:#20314B;\"><\/td>\r\n            <td data-label=\"Activity\" style=\"background-color: white; color:#20314B;\"><\/td>\r\n            <td data-label=\"Activity\" style=\"background-color: white; color:#20314B;\">Per\u00fa<\/td>\r\n        <\/tr>  \r\n \r\n        <tr>\r\n            <td data-label=\"Activity\" style=\"background-color: white; color:#20314B;\">26<\/td>\r\n            <td data-label=\"Activity\" style=\"background-color: white; color:#20314B;\">Carlos Alberto S\u00e1nchez Acosta <\/td>\r\n            <td data-label=\"Activity\" style=\"background-color: white; color:#20314B;\"><\/td>\r\n            <td data-label=\"Activity\" style=\"background-color: white; color:#20314B;\"><\/td>\r\n            <td data-label=\"Activity\" style=\"background-color: white; color:#20314B;\">Per\u00fa<\/td>\r\n        <\/tr>  \r\n\r\n        <tr>\r\n            <td data-label=\"Activity\" style=\"background-color: white; color:#20314B;\">27<\/td>\r\n            <td data-label=\"Activity\" style=\"background-color: white; color:#20314B;\">Edwin Valencia-Castillo<\/td>\r\n            <td data-label=\"Activity\" style=\"background-color: white; color:#20314B;\"><\/td>\r\n            <td data-label=\"Activity\" style=\"background-color: white; color:#20314B;\"><\/td>\r\n            <td data-label=\"Activity\" style=\"background-color: white; color:#20314B;\">Per\u00fa<\/td>\r\n        <\/tr>   \r\n\r\n        <tr>\r\n            <td data-label=\"Activity\" style=\"background-color: white; color:#20314B;\">28<\/td>\r\n            <td data-label=\"Activity\" style=\"background-color: white; color:#20314B;\">Charlie Jaime Tocas Bringas<\/td>\r\n            <td data-label=\"Activity\" style=\"background-color: white; color:#20314B;\"><\/td>\r\n            <td data-label=\"Activity\" style=\"background-color: white; color:#20314B;\"><\/td>\r\n            <td data-label=\"Activity\" style=\"background-color: white; color:#20314B;\">Per\u00fa<\/td>\r\n        <\/tr>\r\n\r\n         <tr>\r\n            <td data-label=\"Activity\" style=\"background-color: white; color:#20314B;\">29<\/td>\r\n            <td data-label=\"Activity\" style=\"background-color: white; color:#20314B;\">Francisco Fialho <\/td>\r\n            <td data-label=\"Activity\" style=\"background-color: white; color:#20314B;\"><\/td>\r\n            <td data-label=\"Activity\" style=\"background-color: white; color:#20314B;\"><\/td>\r\n            <td data-label=\"Activity\" style=\"background-color: white; color:#20314B;\">Brazil<\/td>\r\n        <\/tr>  \r\n\r\n         <tr>\r\n            <td data-label=\"Activity\" style=\"background-color: white; color:#20314B;\">30<\/td>\r\n            <td data-label=\"Activity\" style=\"background-color: white; color:#20314B;\">Jos\u00e9 Carlos Cuadrado  <\/td>\r\n            <td data-label=\"Activity\" style=\"background-color: white; color:#20314B;\"><\/td>\r\n            <td data-label=\"Activity\" style=\"background-color: white; color:#20314B;\"><\/td>\r\n            <td data-label=\"Activity\" style=\"background-color: white; color:#20314B;\">Portugal<\/td>\r\n        <\/tr>  \r\n\r\n         <tr>\r\n            <td data-label=\"Activity\" style=\"background-color: white; color:#20314B;\">31<\/td>\r\n            <td data-label=\"Activity\" style=\"background-color: white; color:#20314B;\">Vicente Ferreira de Lucena Junior<\/td>\r\n            <td data-label=\"Activity\" style=\"background-color: white; color:#20314B;\"><\/td>\r\n            <td data-label=\"Activity\" style=\"background-color: white; color:#20314B;\"><\/td>\r\n            <td data-label=\"Activity\" style=\"background-color: white; color:#20314B;\">Brazil<\/td>\r\n        <\/tr>     \r\n\r\n         <tr>\r\n            <td data-label=\"Activity\" style=\"background-color: white; color:#20314B;\">32<\/td>\r\n            <td data-label=\"Activity\" style=\"background-color: white; color:#20314B;\">Jes\u00fas Gabal\u00e1n Coello<\/td>\r\n            <td data-label=\"Activity\" style=\"background-color: white; color:#20314B;\"><\/td>\r\n            <td data-label=\"Activity\" style=\"background-color: white; color:#20314B;\"><\/td>\r\n            <td data-label=\"Activity\" style=\"background-color: white; color:#20314B;\">Colombia<\/td>\r\n        <\/tr>     \r\n\r\n          <tr>\r\n            <td data-label=\"Activity\" style=\"background-color: white; color:#20314B;\">33<\/td>\r\n            <td data-label=\"Activity\" style=\"background-color: white; color:#20314B;\">Arturo Rodr\u00edguez <\/td>\r\n            <td data-label=\"Activity\" style=\"background-color: white; color:#20314B;\"><\/td>\r\n            <td data-label=\"Activity\" style=\"background-color: white; color:#20314B;\"><\/td>\r\n            <td data-label=\"Activity\" style=\"background-color: white; color:#20314B;\">Chile<\/td>\r\n        <\/tr>    \r\n\r\n          <tr>\r\n            <td data-label=\"Activity\" style=\"background-color: white; color:#20314B;\">34<\/td>\r\n            <td data-label=\"Activity\" style=\"background-color: white; color:#20314B;\">Anael Espinal<\/td>\r\n            <td data-label=\"Activity\" style=\"background-color: white; color:#20314B;\"><\/td>\r\n            <td data-label=\"Activity\" style=\"background-color: white; color:#20314B;\"><\/td>\r\n            <td data-label=\"Activity\" style=\"background-color: white; color:#20314B;\">Honduras<\/td>\r\n        <\/tr>       \r\n\r\n    <\/tbody>\r\n<\/table>\t\t\t\t<\/div>\n\t\t\t\t<\/div>\n\t\t\t\t<\/div>\n\t\t\t\t\t<\/div>\n\t\t\t\t<\/div>\n\t\t\t\t<\/div>\n\t\t","protected":false},"excerpt":{"rendered":"<p>Reviews Review Criteria &#8211; CFP Our distinguished team of international reviewers. ID Name and surname Institution Position Country 1 Stuardo Lucho Romero Per\u00fa 2 Jonathan Alvarez Ariza Colombia 3 Isabel Gonz\u00e1lez Farias Per\u00fa 4 Abdelmalek Halawani Australia 5 Jimmy Jefferson Tullume Salazar Per\u00fa 6 C\u00e9sar Anthony G\u00e1lvez Ulloa Per\u00fa 7 V\u00edctor Manuel Cornejo Aparicio Per\u00fa&#8230;<\/p>\n","protected":false},"author":1,"featured_media":0,"parent":0,"menu_order":0,"comment_status":"closed","ping_status":"closed","template":"","meta":{"footnotes":""},"class_list":["post-3664","page","type-page","status-publish","hentry"],"_links":{"self":[{"href":"https:\/\/icacit.org.pe\/symposium\/wp-json\/wp\/v2\/pages\/3664","targetHints":{"allow":["GET"]}}],"collection":[{"href":"https:\/\/icacit.org.pe\/symposium\/wp-json\/wp\/v2\/pages"}],"about":[{"href":"https:\/\/icacit.org.pe\/symposium\/wp-json\/wp\/v2\/types\/page"}],"author":[{"embeddable":true,"href":"https:\/\/icacit.org.pe\/symposium\/wp-json\/wp\/v2\/users\/1"}],"replies":[{"embeddable":true,"href":"https:\/\/icacit.org.pe\/symposium\/wp-json\/wp\/v2\/comments?post=3664"}],"version-history":[{"count":25,"href":"https:\/\/icacit.org.pe\/symposium\/wp-json\/wp\/v2\/pages\/3664\/revisions"}],"predecessor-version":[{"id":7064,"href":"https:\/\/icacit.org.pe\/symposium\/wp-json\/wp\/v2\/pages\/3664\/revisions\/7064"}],"wp:attachment":[{"href":"https:\/\/icacit.org.pe\/symposium\/wp-json\/wp\/v2\/media?parent=3664"}],"curies":[{"name":"wp","href":"https:\/\/api.w.org\/{rel}","templated":true}]}}